{"id":173,"date":"2020-09-14T19:11:07","date_gmt":"2020-09-14T19:11:07","guid":{"rendered":"https:\/\/desarrollo.face.ubiobio.cl\/lptc\/?page_id=173"},"modified":"2023-01-05T15:40:18","modified_gmt":"2023-01-05T14:40:18","slug":"publicaciones","status":"publish","type":"page","link":"http:\/\/lptcicq.ubiobio.cl\/index.php\/publicaciones\/","title":{"rendered":"Publicaciones"},"content":{"rendered":"\n<p class=\"has-vivid-red-color has-text-color has-large-font-size\"><strong>2023<\/strong><\/p>\n\n\n\n<blockquote class=\"wp-block-quote is-style-default\"><p><em>Microwave-assisted MOF@biomass layered nanomaterials: Characterization and applications in wastewater treatment<\/em><\/p><cite><a href=\"https:\/\/doi.org\/10.1016\/j.chemosphere.2022.137664\" target=\"_blank\" rel=\"noreferrer noopener\">https:\/\/doi.org\/10.1016\/j.chemosphere.2022.137664<\/a><\/cite><\/blockquote>\n\n\n\n<blockquote class=\"wp-block-quote is-style-default\"><p><em>Reductive amination of phenol over Pd-based catalysts: Elucidating the role of support and metal nanoparticle size<\/em><\/p><cite><a href=\"https:\/\/pubs.rsc.org\/en\/Content\/ArticleLanding\/2022\/RE\/D2RE00259K\">https:\/\/pubs.rsc.org\/en\/Content\/ArticleLanding\/2022\/RE\/D2RE00259K<\/a><\/cite><\/blockquote>\n\n\n\n<p class=\"has-vivid-red-color has-text-color has-large-font-size\"><strong>2022<\/strong><\/p>\n\n\n\n<blockquote class=\"wp-block-quote is-style-default\"><p><em>Production of limonene from waste tires via catalytic fast pyrolysis: a statistical-based screening on Ni-, Pd- Co- and Fe-supported catalysts<\/em><\/p><cite><a href=\"https:\/\/link.springer.com\/article\/10.1007\/s13399-022-03277-4\">https:\/\/link.springer.com\/article\/10.1007\/s13399-022-03277-4<\/a><\/cite><\/blockquote>\n\n\n\n<blockquote class=\"wp-block-quote is-style-default\"><p><em>Dataset on the reductive amination of phenolics with cyclohexylamine over Pd\/C and Rh\/C: Catalyst characterization and action performance<\/em><\/p><cite><a href=\"https:\/\/doi.org\/10.1016\/j.dib.2022.108620\">https:\/\/doi.org\/10.1016\/j.dib.2021.107745<\/a><\/cite><\/blockquote>\n\n\n\n<blockquote class=\"wp-block-quote is-style-default\"><p><em>Dataset from analytical pyrolysis assays for converting aste tires into valuable chemicals<\/em><\/p><cite><a rel=\"noreferrer noopener\" href=\"https:\/\/doi.org\/10.1016\/j.dib.2021.107745\" target=\"_blank\">https:\/\/doi.org\/10.1016\/j.dib.2021.107745<\/a><\/cite><\/blockquote>\n\n\n\n<blockquote class=\"wp-block-quote is-style-default\"><p><em>Effect of rejuvenating oil type on the synthesis and properties of alginate-based polynuclear capsules for asphalt self-healing<\/em><\/p><cite><a href=\"https:\/\/www.tandfonline.com\/doi\/full\/10.1080\/14680629.2022.2092026\" target=\"_blank\" rel=\"noreferrer noopener\" aria-label=\" (se abre en una nueva pesta\u00f1a)\">https:\/\/www.tandfonline.com\/doi\/full\/10.1080\/14680629.2022.2092026<\/a><\/cite><\/blockquote>\n\n\n\n<blockquote class=\"wp-block-quote is-style-default\"><p><em>Carbon Aerogel-Supported Iron for Gasi\ufb01cation Gas Cleaning: Tars Decomposition<\/em><\/p><cite><a href=\"https:\/\/www.mdpi.com\/2073-4344\/12\/4\/391\" target=\"_blank\" rel=\"noreferrer noopener\" aria-label=\"https:\/\/www.mdpi.com\/2073-4344\/12\/4\/391 (se abre en una nueva pesta\u00f1a)\">https:\/\/www.mdpi.com\/2073-4344\/12\/4\/391<\/a><\/cite><\/blockquote>\n\n\n\n<blockquote class=\"wp-block-quote is-style-default\"><p><em>Upcycling agro-industrial blueberry waste into platform chemicals and structured materials for application in marine environments.  <\/em><\/p><cite><a href=\"https:\/\/pubs.rsc.org\/en\/content\/articlelanding\/2022\/GC\/D2GC00573E\" target=\"_blank\" rel=\"noreferrer noopener\" aria-label=\"https:\/\/pubs.rsc.org\/en\/content\/articlelanding\/2022\/GC\/D2GC00573E (se abre en una nueva pesta\u00f1a)\">https:\/\/pubs.rsc.org\/en\/content\/articlelanding\/2022\/GC\/D2GC00573E<\/a><\/cite><\/blockquote>\n\n\n\n<blockquote class=\"wp-block-quote is-style-default\"><p><em>Synthesis and Characterisation of Alginate-Based Capsules Containing Waste Cooking Oil for Asphalt Self-Healing.  <\/em><\/p><cite><a href=\"https:\/\/www.mdpi.com\/2076-3417\/12\/5\/2739\" target=\"_blank\" rel=\"noreferrer noopener\" aria-label=\"https:\/\/www.mdpi.com\/2076-3417\/12\/5\/2739 (se abre en una nueva pesta\u00f1a)\">https:\/\/www.mdpi.com\/2076-3417\/12\/5\/2739<\/a><\/cite><\/blockquote>\n\n\n\n<blockquote class=\"wp-block-quote is-style-default\"><p><em>Comparison of Raw and Torrefied Dichrostachys cinerea as a Fuel for Cogeneration Systems: A Life Cycle Assessment.  <\/em><\/p><cite><a href=\"https:\/\/link.springer.com\/article\/10.1007\/s12649-022-01746-5\" target=\"_blank\" rel=\"noreferrer noopener\" aria-label=\"https:\/\/link.springer.com\/article\/10.1007\/s12649-022-01746-5 (se abre en una nueva pesta\u00f1a)\">https:\/\/link.springer.com\/article\/10.1007\/s12649-022-01746-5<\/a> <\/cite><\/blockquote>\n\n\n\n<blockquote class=\"wp-block-quote is-style-default\"><p>Elucidating the role of Rh\/C on the pathways and kinetics of ketone-to-secondary amines reaction<\/p><cite><a href=\"https:\/\/chemistry-europe.onlinelibrary.wiley.com\/doi\/10.1002\/cctc.202101270\" target=\"_blank\" rel=\"noreferrer noopener\" aria-label=\"https:\/\/chemistry-europe.onlinelibrary.wiley.com\/doi\/10.1002\/cctc.202101270 (se abre en una nueva pesta\u00f1a)\">https:\/\/chemistry-europe.onlinelibrary.wiley.com\/doi\/10.1002\/cctc.202101270<\/a><\/cite><\/blockquote>\n\n\n\n<blockquote class=\"wp-block-quote is-style-default\"><p><em>Catalytic Pyrolysis of used tires on noble-metal-based to obtain high value chemicals: Reaction pathways<\/em><\/p><cite><a href=\"https:\/\/www.sciencedirect.com\/science\/article\/abs\/pii\/S0920586121003084\" target=\"_blank\" rel=\"noreferrer noopener\" aria-label=\"https:\/\/www.sciencedirect.com\/science\/article\/abs\/pii\/S0920586121003084 (se abre en una nueva pesta\u00f1a)\">https:\/\/www.sciencedirect.com\/science\/article\/abs\/pii\/S0920586121003084<\/a><\/cite><\/blockquote>\n\n\n\n<p class=\"has-vivid-red-color has-text-color has-large-font-size\"><strong>2021<\/strong><\/p>\n\n\n\n<blockquote class=\"wp-block-quote is-style-default\"><p><em>Power BI platform with data related to waste tires micropyrolysis using catalysts, single polymers, etc.  <\/em><\/p><cite><a rel=\"noreferrer noopener\" aria-label=\"Direct link to the platform (se abre en una nueva pesta\u00f1a)\" href=\"https:\/\/app.powerbi.com\/view?r=eyJrIjoiNDdhNWRjZWYtYWEzOS00MTJjLWI0YjAtOTBmNTY0ODlkODI5IiwidCI6IjMyYTQ3ZjJkLTZlYjItNDIyNC04YjExLTI1MTk3NTQ1ODFjNSIsImMiOjR9\" target=\"_blank\">Direct link to the <\/a><a href=\"http:\/\/ubb.cl\/973416\">platform<\/a><\/cite><\/blockquote>\n\n\n\n<blockquote class=\"wp-block-quote is-style-default\"><p><em>One-pot amination of Cyclohexanone-to-Secondary amines over Carbon-supported Pd: Unraveling the reaction mechanism and kinetics<\/em><\/p><cite><a href=\"https:\/\/www.sciencedirect.com\/science\/article\/abs\/pii\/S1385894721008251\" target=\"_blank\" rel=\"noreferrer noopener\" aria-label=\" (se abre en una nueva pesta\u00f1a)\">https:\/\/www.sciencedirect.com\/science\/article\/abs\/pii\/S1385894721008251<\/a><\/cite><\/blockquote>\n\n\n\n<blockquote class=\"wp-block-quote is-style-default\"><p>Valorization of Waste Tires via Catalytic Fast Pyrolysis Using Palladium Supported on Natural Halloysite<\/p><cite><a href=\"https:\/\/pubs.acs.org\/doi\/10.1021\/acs.iecr.1c02797\" target=\"_blank\" rel=\"noreferrer noopener\" aria-label=\"https:\/\/pubs.acs.org\/doi\/10.1021\/acs.iecr.1c02797 (se abre en una nueva pesta\u00f1a)\">https:\/\/pubs.acs.org\/doi\/10.1021\/acs.iecr.1c02797<\/a><\/cite><\/blockquote>\n\n\n\n<blockquote class=\"wp-block-quote is-style-default\"><p><em>Book Chapters in <\/em> <strong><em>Sistemas de Biomasa y Bioenerg\u00eda: Casos Ejemplares En Iberoam\u00e9rica. Hacia la sustentabilidad bioenerg\u00e9tica territorial<\/em><\/strong><\/p><cite><a rel=\"noreferrer noopener\" aria-label=\" (se abre en una nueva pesta\u00f1a)\" href=\"https:\/\/www.sciencedirect.com\/science\/article\/abs\/pii\/S1385894721008251\" target=\"_blank\">ISBN <\/a><strong>N\u00ba 978-84-15413-40-0<\/strong><\/cite><\/blockquote>\n\n\n\n<blockquote class=\"wp-block-quote is-style-default\"><p><em>Thermal behavior, reaction pathways and kinetic implications of using Ni\/SiO2 for waste tire pyrolysis<\/em><\/p><cite><a href=\"https:\/\/www.researchsquare.com\/article\/rs-232987\/v1\" target=\"_blank\" rel=\"noreferrer noopener\" aria-label=\" (se abre en una nueva pesta\u00f1a)\">https:\/\/www.researchsquare.com\/article\/rs-232987\/v1<\/a><\/cite><\/blockquote>\n\n\n\n<blockquote class=\"wp-block-quote is-style-default\"><p>Experimental protocol for the study of One-pot amination of Cyclohexanone-to-Secondary amines over Carbon-supported Pd<\/p><cite><a href=\"https:\/\/www.sciencedirect.com\/science\/article\/pii\/S2215016121001990\" target=\"_blank\" rel=\"noreferrer noopener\" aria-label=\" (se abre en una nueva pesta\u00f1a)\">https:\/\/www.sciencedirect.com\/science\/article\/pii\/S2215016121001990<\/a><\/cite><\/blockquote>\n\n\n\n<blockquote class=\"wp-block-quote is-style-default\"><p><em>Pyrolytic oil from waste tyres as a promising encapsulated rejuvenator for the extrinsic self-healing of bituminous materials<\/em><\/p><cite><a href=\"https:\/\/www.tandfonline.com\/doi\/full\/10.1080\/14680629.2021.1907216\" target=\"_blank\" rel=\"noreferrer noopener\" aria-label=\"https:\/\/www.tandfonline.com\/doi\/full\/10.1080\/14680629.2021.1907216 (se abre en una nueva pesta\u00f1a)\">https:\/\/www.tandfonline.com\/doi\/full\/10.1080\/14680629.2021.1907216<\/a><\/cite><\/blockquote>\n\n\n\n<blockquote class=\"wp-block-quote is-style-default\"><p>Fast pyrolysis of raw and acid-leached sugarcane residues <em>en route<\/em> to producing chemicals and fuels: Economic and environmental assessments<\/p><cite><a href=\"https:\/\/www.sciencedirect.com\/science\/article\/abs\/pii\/S0959652621008210\" target=\"_blank\" rel=\"noreferrer noopener\" aria-label=\"https:\/\/www.sciencedirect.com\/science\/article\/abs\/pii\/S0959652621008210 (se abre en una nueva pesta\u00f1a)\">https:\/\/www.sciencedirect.com\/science\/article\/abs\/pii\/S0959652621008210<\/a><\/cite><\/blockquote>\n\n\n\n<blockquote class=\"wp-block-quote\"><p>Cleaner Production Implementation in a Cocoa Processing Plant in Ecuadorian Amazon<\/p><cite><a href=\"https:\/\/www.lhscientificpublishing.com\/Journals\/JEAM-Download.aspx\" target=\"_blank\" rel=\"noreferrer noopener\" aria-label=\"https:\/\/www.lhscientificpublishing.com\/Journals\/JEAM-Download.aspx (se abre en una nueva pesta\u00f1a)\">https:\/\/www.lhscientificpublishing.com\/Journals\/JEAM-Download.aspx<\/a><\/cite><\/blockquote>\n\n\n\n<blockquote class=\"wp-block-quote is-style-default\"><p>Biocapsules containing low-cost rejuvenators for asphalt self-healing<\/p><cite><a href=\"https:\/\/letters.rilem.net\/index.php\/rilem\/article\/view\/129\" target=\"_blank\" rel=\"noreferrer noopener\" aria-label=\"https:\/\/letters.rilem.net\/index.php\/rilem\/article\/view\/129 (se abre en una nueva pesta\u00f1a)\">https:\/\/letters.rilem.net\/index.php\/rilem\/article\/view\/129<\/a><\/cite><\/blockquote>\n\n\n\n<blockquote class=\"wp-block-quote is-style-default\"><p>Effect of citric acid concentration on demineralization d pyrolysis of sugarcane residues  analyzed by analytical pyrolysis<\/p><cite><a href=\"https:\/\/raco.cat\/index.php\/afinidad\/article\/view\/385608\" target=\"_blank\" rel=\"noreferrer noopener\" aria-label=\"https:\/\/raco.cat\/index.php\/afinidad\/article\/view\/385608 (se abre en una nueva pesta\u00f1a)\">https:\/\/raco.cat\/index.php\/afinidad\/article\/view\/385608<\/a><\/cite><\/blockquote>\n\n\n\n<blockquote class=\"wp-block-quote is-style-default\"><p>Facile photocatalytic immobilization strategy for P-25 TiO<sub>2<\/sub>&nbsp;nanoparticles on low density polyethylene films and their UV-A photo-induced super hydrophilicity and photocatalytic activity<\/p><cite><a href=\"https:\/\/www.sciencedirect.com\/science\/article\/abs\/pii\/S0920586120304958\" target=\"_blank\" rel=\"noreferrer noopener\" aria-label=\"https:\/\/www.sciencedirect.com\/science\/article\/abs\/pii\/S0920586120304958 (se abre en una nueva pesta\u00f1a)\">https:\/\/www.sciencedirect.com\/science\/article\/abs\/pii\/S0920586120304958<\/a><\/cite><\/blockquote>\n\n\n\n<blockquote class=\"wp-block-quote is-style-default\"><p>Resistance and induction of viable but non culturable states (VBNC) during inactivation of&nbsp;<em>E. coli<\/em>&nbsp;and&nbsp;<em>Klebsiella pneumoniae<\/em>&nbsp;by addition of H<sub>2<\/sub>O<sub>2<\/sub>to natural well water under simulated solar irradiation<\/p><cite><a href=\"https:\/\/www.sciencedirect.com\/science\/article\/abs\/pii\/S0043135420310344\" target=\"_blank\" rel=\"noreferrer noopener\" aria-label=\"https:\/\/www.sciencedirect.com\/science\/article\/abs\/pii\/S0043135420310344 (se abre en una nueva pesta\u00f1a)\">https:\/\/www.sciencedirect.com\/science\/article\/abs\/pii\/S0043135420310344<\/a><\/cite><\/blockquote>\n\n\n\n<p class=\"has-vivid-red-color has-text-color has-large-font-size\"><strong>2020<\/strong><\/p>\n\n\n\n<blockquote class=\"wp-block-quote\"><p>Waste tires pyrolysis kinetics and reaction mechanisms explained by TGA and Py-GC\/MS under kinetically-controlled regime<\/p><cite><a href=\"https:\/\/doi.org\/10.1016\/j.wasman.2019.10.027\">https:\/\/doi.org\/10.1016\/j.wasman.2019.10.027<\/a><\/cite><\/blockquote>\n\n\n\n<blockquote class=\"wp-block-quote\"><p>Carbothermic reduction of carbon aerogel-supported Fe during the catalytic decomposition of toluene<\/p><cite><a href=\"https:\/\/doi.org\/10.1016\/j.cattod.2020.10.033\">https:\/\/doi.org\/10.1016\/j.cattod.2020.10.033<\/a><\/cite><\/blockquote>\n\n\n\n<blockquote class=\"wp-block-quote\"><p>Tuning the product distribution during the catalytic pyrolysis of waste tires: The effect of the nature of metals and the reaction temperature<\/p><cite><a href=\"https:\/\/doi.org\/10.1016\/j.cattod.2020.10.035\">https:\/\/doi.org\/10.1016\/j.cattod.2020.10.035<\/a><\/cite><\/blockquote>\n\n\n\n<blockquote class=\"wp-block-quote\"><p>Chemoselective nitroarene hydrogenation over Ni-Pd alloy supported on TiO<sub>2<\/sub>&nbsp;prepared from ilmenite-type Pd<sub>x<\/sub>Ni<sub>1\u2212x<\/sub>TiO<sub>3<\/sub><\/p><cite><a href=\"https:\/\/ezproxy.ubiobio.cl:2191\/10.1016\/j.mtcomm.2020.101091\">https:\/\/ezproxy.ubiobio.cl:2191\/10.1016\/j.mtcomm.2020.101091<\/a><\/cite><\/blockquote>\n\n\n\n<blockquote class=\"wp-block-quote\"><p>Self-cleaning and antimicrobial photo-induced properties under indoor lighting irradiation of chitosan films containing Melon\/TiO<sub>2<\/sub>&nbsp;composites<\/p><cite><a href=\"https:\/\/ezproxy.ubiobio.cl:2191\/10.1016\/j.apsusc.2019.144895\">https:\/\/ezproxy.ubiobio.cl:2191\/10.1016\/j.apsusc.2019.144895<\/a><\/cite><\/blockquote>\n\n\n\n<blockquote class=\"wp-block-quote\"><p>Microencapsulated Bio-Based Rejuvenators for the Self-Healing of Bituminous Materials<\/p><cite><a href=\"https:\/\/doi.org\/10.3390\/ma13061446\">https:\/\/doi.org\/10.3390\/ma13061446<\/a><\/cite><\/blockquote>\n\n\n\n<blockquote class=\"wp-block-quote\"><p>Coaxial Spinning of All-Cellulose Systems for Enhanced Toughness: Filaments of Oxidized Nanofibrils Sheathed in Cellulose II Regenerated from a Protic Ionic Liquid<\/p><cite><a href=\"https:\/\/doi.org\/10.1021\/acs.biomac.9b01559\">https:\/\/doi.org\/10.1021\/acs.biomac.9b01559<\/a><\/cite><\/blockquote>\n\n\n\n<blockquote class=\"wp-block-quote\"><p>Life cycle assessment of innovative insulation panels based on eucalyptus bark fibers<\/p><cite><a href=\"https:\/\/ezproxy.ubiobio.cl:2191\/10.1016\/j.jclepro.2019.119356\">https:\/\/ezproxy.ubiobio.cl:2191\/10.1016\/j.jclepro.2019.119356<\/a><\/cite><\/blockquote>\n\n\n\n<blockquote class=\"wp-block-quote\"><p>Self-cleaning and antimicrobial photo-induced properties under indoor lighting irradiation of chitosan films containing Melon\/TiO<sub>2<\/sub>&nbsp;composites<\/p><cite><a href=\"https:\/\/ezproxy.ubiobio.cl:2191\/10.1016\/j.apsusc.2019.144895\">https:\/\/ezproxy.ubiobio.cl:2191\/10.1016\/j.apsusc.2019.144895<\/a><\/cite><\/blockquote>\n\n\n\n<blockquote class=\"wp-block-quote\"><p>Effect of Metal Content on Ethanol Decomposition over Ni-Co Catalysts Supported on La-Ce Oxides<\/p><cite><a href=\"https:\/\/doi.org\/10.3390\/ma13030759\">https:\/\/doi.org\/10.3390\/ma13030759<\/a><\/cite><\/blockquote>\n\n\n\n<blockquote class=\"wp-block-quote\"><p>Photo-Fenton process at natural conditions of pH, iron, ions, and humic acids for degradation of diuron and amoxicillin<\/p><cite><a href=\"https:\/\/doi.org\/10.1007\/s11356-019-06700-y\">https:\/\/doi.org\/10.1007\/s11356-019-06700-y<\/a><\/cite><\/blockquote>\n\n\n\n<p class=\"has-vivid-red-color has-text-color has-large-font-size\"><strong>2019<\/strong><\/p>\n\n\n\n<blockquote class=\"wp-block-quote\"><p>On the environmental and economic issues associated with the forestry residues-to-heat and electricity route in Chile: Sawdust gasification as a case study<\/p><cite><a href=\"https:\/\/www.sciencedirect.com\/science\/article\/abs\/pii\/S0360544218325040\" target=\"_blank\" rel=\"noreferrer noopener\" aria-label=\" (se abre en una nueva pesta\u00f1a)\">https:\/\/www.sciencedirect.com\/science\/article\/abs\/pii\/S0360544218325040<\/a><\/cite><\/blockquote>\n\n\n\n<blockquote class=\"wp-block-quote\"><p>Influence of citric acid leaching on the yield and quality of pyrolytic bio-oils from sugarcane residues<\/p><cite><a href=\"https:\/\/www.sciencedirect.com\/science\/article\/abs\/pii\/S0165237018307939\" target=\"_blank\" rel=\"noreferrer noopener\" aria-label=\"https:\/\/www.sciencedirect.com\/science\/article\/abs\/pii\/S0165237018307939 (se abre en una nueva pesta\u00f1a)\">https:\/\/www.sciencedirect.com\/science\/article\/abs\/pii\/S0165237018307939<\/a><\/cite><\/blockquote>\n\n\n\n<blockquote class=\"wp-block-quote\"><p>Inactivation of carbapenem-resistant&nbsp;<em>Klebsiella pneumoniae<\/em>&nbsp;by photo-Fenton: Residual effect, gene evolution and modifications with citric acid and persulfate<\/p><cite>https:\/\/ezproxy.ubiobio.cl:2191\/10.1016\/j.watres.2019.06.024<\/cite><\/blockquote>\n\n\n\n<blockquote class=\"wp-block-quote\"><p>Enhanced bimetallic Rh-Ni supported catalysts on alumina doped with mixed lanthanum-cerium oxides for ethanol steam reforming<\/p><cite>https:\/\/ezproxy.ubiobio.cl:2191\/10.1016\/j.mcat.2019.03.007<\/cite><\/blockquote>\n","protected":false},"excerpt":{"rendered":"<p>2023 Microwave-assisted MOF@biomass layered nanomaterials: Characterization and applications in wastewater treatment https:\/\/doi.org\/10.1016\/j.chemosphere.2022.137664 Reductive amination of phenol over Pd-based catalysts: Elucidating the role of support and metal nanoparticle size https:\/\/pubs.rsc.org\/en\/Content\/ArticleLanding\/2022\/RE\/D2RE00259K 2022 Production of limonene from waste tires via catalytic fast pyrolysis: a statistical-based screening on Ni-, Pd- Co- and Fe-supported catalysts https:\/\/link.springer.com\/article\/10.1007\/s13399-022-03277-4 Dataset on the reductive [&hellip;]<\/p>\n","protected":false},"author":1,"featured_media":0,"parent":0,"menu_order":0,"comment_status":"closed","ping_status":"closed","template":"","meta":[],"_links":{"self":[{"href":"http:\/\/lptcicq.ubiobio.cl\/index.php\/wp-json\/wp\/v2\/pages\/173"}],"collection":[{"href":"http:\/\/lptcicq.ubiobio.cl\/index.php\/wp-json\/wp\/v2\/pages"}],"about":[{"href":"http:\/\/lptcicq.ubiobio.cl\/index.php\/wp-json\/wp\/v2\/types\/page"}],"author":[{"embeddable":true,"href":"http:\/\/lptcicq.ubiobio.cl\/index.php\/wp-json\/wp\/v2\/users\/1"}],"replies":[{"embeddable":true,"href":"http:\/\/lptcicq.ubiobio.cl\/index.php\/wp-json\/wp\/v2\/comments?post=173"}],"version-history":[{"count":38,"href":"http:\/\/lptcicq.ubiobio.cl\/index.php\/wp-json\/wp\/v2\/pages\/173\/revisions"}],"predecessor-version":[{"id":709,"href":"http:\/\/lptcicq.ubiobio.cl\/index.php\/wp-json\/wp\/v2\/pages\/173\/revisions\/709"}],"wp:attachment":[{"href":"http:\/\/lptcicq.ubiobio.cl\/index.php\/wp-json\/wp\/v2\/media?parent=173"}],"curies":[{"name":"wp","href":"https:\/\/api.w.org\/{rel}","templated":true}]}}