{"id":178,"date":"2020-09-14T19:12:50","date_gmt":"2020-09-14T19:12:50","guid":{"rendered":"https:\/\/desarrollo.face.ubiobio.cl\/lptc\/?page_id=178"},"modified":"2022-08-09T23:20:33","modified_gmt":"2022-08-09T21:20:33","slug":"pasantias-y-becas","status":"publish","type":"page","link":"http:\/\/lptcicq.ubiobio.cl\/index.php\/pasantias-y-becas\/","title":{"rendered":"Pasant\u00edas y becas"},"content":{"rendered":"\n<h4>Estudiantes de Pregrado<\/h4>\n\n\n\n<p class=\"has-very-dark-gray-color has-text-color\" style=\"font-size:15px\">Estamos siempre en busca de estudiantes para realizar sus trabajos de licenciatura, tesis de grado y colaboraci\u00f3n en proyectos. Si te interesa, debes tomar contacto con: larteaga@ubiobio.cl <\/p>\n\n\n\n<h4>Vacantes 2021-1<\/h4>\n\n\n\n<p class=\"has-small-font-size\">[1] Efecto de la naturaleza del sitio activo y el soporte en la aminaci\u00f3n catal\u00edtica de fenol sobre catalizadores de Pd y Rh soportados. <a rel=\"noreferrer noopener\" aria-label=\"Ver m\u00e1s (se abre en una nueva pesta\u00f1a)\" href=\"https:\/\/drive.google.com\/file\/d\/1E6aqypHDkx0k1bfNNcR83LkGT53ut_cI\/view\" target=\"_blank\">Ver m\u00e1s<\/a>.        <\/p>\n\n\n\n<p class=\"has-small-font-size\">[2] Implicaciones de los efectos est\u00e9ricos y el grado de coordinaci\u00f3n en la aminaci\u00f3n catal\u00edtica de fenoles sustituidos sobre catalizadores de Pd\/C.<a rel=\"noreferrer noopener\" aria-label=\" Ver m\u00e1s. (se abre en una nueva pesta\u00f1a)\" href=\"https:\/\/drive.google.com\/file\/d\/18_eJESLimUFMaOHaTmUW3I_oKblYBL6u\/view\" target=\"_blank\"> Ver m\u00e1s.<\/a><\/p>\n\n\n\n<p class=\"has-small-font-size\">[3] Dise\u00f1o y simulaci\u00f3n de planta para aminaci\u00f3n catal\u00edtica de mol\u00e9culas derivadas de biomasa.<a rel=\"noreferrer noopener\" href=\"https:\/\/drive.google.com\/file\/d\/18_eJESLimUFMaOHaTmUW3I_oKblYBL6u\/view\" target=\"_blank\"> <\/a><a rel=\"noreferrer noopener\" aria-label=\"Ver m\u00e1s. (se abre en una nueva pesta\u00f1a)\" href=\"https:\/\/drive.google.com\/file\/d\/1AAVKYHn1ogPUQlZQCUASFpH60rhRqp18\/view?usp=sharing\" target=\"_blank\">Ver<\/a><a href=\"https:\/\/drive.google.com\/file\/d\/1AAVKYHn1ogPUQlZQCUASFpH60rhRqp18\/view?usp=sharing\" target=\"_blank\" rel=\"noreferrer noopener\" aria-label=\"  (se abre en una nueva pesta\u00f1a)\"> <\/a><a rel=\"noreferrer noopener\" aria-label=\"Ver m\u00e1s. (se abre en una nueva pesta\u00f1a)\" href=\"https:\/\/drive.google.com\/file\/d\/1AAVKYHn1ogPUQlZQCUASFpH60rhRqp18\/view?usp=sharing\" target=\"_blank\">m\u00e1s.<\/a><\/p>\n\n\n\n<h4>Estudiantes de postgrado<\/h4>\n\n\n\n<p class=\"has-very-dark-gray-color has-text-color\" style=\"font-size:15px\">Estudiantes interesados en desarrollar su tesis de postgrado en el LPTC-UBB, bajo la direcci\u00f3n del Dr. Luis E. Arteaga-P\u00e9rez, deben consultar las oportunidades existentes en los <em><a rel=\"noreferrer noopener\" aria-label=\" (se abre en una nueva pesta\u00f1a)\" href=\"http:\/\/postgrados.ubiobio.cl\/Doctorados\/\" target=\"_blank\">programas de UBB<\/a><\/em>, el <a rel=\"noreferrer noopener\" aria-label=\"Doctorado en Energ\u00eda (se abre en una nueva pesta\u00f1a)\" href=\"http:\/\/doctoradoenergias.udec.cl\/?page_id=109\" target=\"_blank\"><em>Doctorado en Energ\u00eda<\/em><\/a> y Ciencias de la Ingenier\u00eda c\/m <a rel=\"noreferrer noopener\" aria-label=\"Ingenier\u00eda Qu\u00edmica en la UdeC (se abre en una nueva pesta\u00f1a)\" href=\"https:\/\/fi.udec.cl\/postgrados\/doctorado-en-ciencias-de-la-ingenieria-con-mencion-en-ingenieria-quimica\/\" target=\"_blank\"><em>Ingenier\u00eda Qu\u00edmica en la UdeC<\/em><\/a>.<\/p>\n\n\n\n<h4>PostDoctorado<\/h4>\n\n\n\n<p class=\"has-very-dark-gray-color has-text-color\" style=\"font-size:15px\">El LPTC y sus laboratorios socios est\u00e1n en continua b\u00fasqueda de j\u00f3venes cient\u00edficos motivados y con alto compromiso con la excelencia acad\u00e9mica. Para mayor informaci\u00f3n de vacantes postdoctorales escribir directamente al Dr. Luis E. Arteaga-P\u00e9rez (larteaga@ubiobio.cl).<\/p>\n","protected":false},"excerpt":{"rendered":"<p>Estudiantes de Pregrado Estamos siempre en busca de estudiantes para realizar sus trabajos de licenciatura, tesis de grado y colaboraci\u00f3n en proyectos. Si te interesa, debes tomar contacto con: larteaga@ubiobio.cl Vacantes 2021-1 [1] Efecto de la naturaleza del sitio activo y el soporte en la aminaci\u00f3n catal\u00edtica de fenol sobre catalizadores de Pd y Rh [&hellip;]<\/p>\n","protected":false},"author":1,"featured_media":0,"parent":0,"menu_order":0,"comment_status":"closed","ping_status":"closed","template":"","meta":[],"_links":{"self":[{"href":"http:\/\/lptcicq.ubiobio.cl\/index.php\/wp-json\/wp\/v2\/pages\/178"}],"collection":[{"href":"http:\/\/lptcicq.ubiobio.cl\/index.php\/wp-json\/wp\/v2\/pages"}],"about":[{"href":"http:\/\/lptcicq.ubiobio.cl\/index.php\/wp-json\/wp\/v2\/types\/page"}],"author":[{"embeddable":true,"href":"http:\/\/lptcicq.ubiobio.cl\/index.php\/wp-json\/wp\/v2\/users\/1"}],"replies":[{"embeddable":true,"href":"http:\/\/lptcicq.ubiobio.cl\/index.php\/wp-json\/wp\/v2\/comments?post=178"}],"version-history":[{"count":22,"href":"http:\/\/lptcicq.ubiobio.cl\/index.php\/wp-json\/wp\/v2\/pages\/178\/revisions"}],"predecessor-version":[{"id":633,"href":"http:\/\/lptcicq.ubiobio.cl\/index.php\/wp-json\/wp\/v2\/pages\/178\/revisions\/633"}],"wp:attachment":[{"href":"http:\/\/lptcicq.ubiobio.cl\/index.php\/wp-json\/wp\/v2\/media?parent=178"}],"curies":[{"name":"wp","href":"https:\/\/api.w.org\/{rel}","templated":true}]}}