{"id":81,"date":"2020-07-21T00:31:46","date_gmt":"2020-07-21T00:31:46","guid":{"rendered":"https:\/\/desarrollo.face.ubiobio.cl\/quimica\/?page_id=81"},"modified":"2022-08-09T23:29:29","modified_gmt":"2022-08-09T21:29:29","slug":"proyectos","status":"publish","type":"page","link":"http:\/\/lptcicq.ubiobio.cl\/index.php\/proyectos\/","title":{"rendered":"Proyectos"},"content":{"rendered":"\n<h4 class=\"has-text-color\" style=\"color:#006437\">NACIONALES<\/h4>\n\n\n\n<p class=\"has-text-color has-normal-font-size\" style=\"color:#00000a\"><strong>[1]<\/strong> Use of microcellulose-derived carbon aerogels as catalysts for tars and ammonia decomposition. <strong><em>Fondecyt Iniciaci\u00f3n 11150148.<\/em><\/strong>  Inicio: <strong>2015<\/strong>. Fin: <strong>2018<\/strong>. Financiado por <a rel=\"noreferrer noopener\" href=\"https:\/\/www.anid.cl\" target=\"_blank\">ANID-CHILE<\/a><\/p>\n\n\n\n<p class=\"has-text-color has-normal-font-size\" style=\"color:#00000a\"><strong>[2]<\/strong> Small-scale CHP generation: Catalytic improvement of biomass gasification products. <strong><em>Fondef Idea <\/em>ID15I10132<em>.<\/em><\/strong>  Inicio: <strong>2016<\/strong>. Fin: <strong>2018<\/strong>. Financiado por <a rel=\"noreferrer noopener\" href=\"https:\/\/www.anid.cl\" target=\"_blank\">ANID-CHILE<\/a><\/p>\n\n\n\n<p class=\"has-very-dark-gray-color has-text-color has-normal-font-size\"><strong>[3]<\/strong> Catalytic amination of lignin-derived phenols over supported Palladium and Rhodium: An atom-economic route to platform chemicals. <strong><em>Fondecyt Regular 1190063.<\/em><\/strong> Inicio: <strong>2019<\/strong>. Fin: <strong>2022<\/strong>. Financiado por <a rel=\"noreferrer noopener\" aria-label=\"ANID-CHILE (se abre en una nueva pesta\u00f1a)\" href=\"https:\/\/www.anid.cl\" target=\"_blank\">ANID-CHILE<\/a><\/p>\n\n\n\n<p class=\"has-text-color has-normal-font-size\" style=\"color:#00000a\"><strong>[4]<\/strong> Estudio sistem\u00e1tico de catalizadores nanoestructurados de al\u00famina, modificados con MgO, CaO, CeO2 y TiO2 para la producci\u00f3n de limoneno a partir de la pir\u00f3lisis catal\u00edtica de neum\u00e1ticos usados. <strong><em>Fondecyt PostDoctorado 3190610.<\/em><\/strong>  Inicio: <strong>2019<\/strong>. Fin: <strong>2021<\/strong>. Financiado por <a rel=\"noreferrer noopener\" href=\"https:\/\/www.anid.cl\" target=\"_blank\">ANID-CHILE<\/a><\/p>\n\n\n\n<p class=\"has-text-color has-normal-font-size\" style=\"color:#00000a\"><strong>[5]<\/strong> Apoyo a Centros Cient\u00edficos y Tecnol\u00f3gicos de Excelencia. <strong>CONICYT-BASALproject<\/strong><a href=\"https:\/\/www.sciencedirect.com\/science\/article\/pii\/S0360544218325040#gs4\"><strong>&nbsp;AFB170007<\/strong><\/a><strong><em>.<\/em><\/strong>  Inicio: <strong>201<\/strong>7. Fin: <strong>2021<\/strong>. Financiado por <a rel=\"noreferrer noopener\" href=\"https:\/\/www.anid.cl\" target=\"_blank\">ANID-CHILE<\/a><\/p>\n\n\n\n<p class=\"has-text-color has-normal-font-size\" style=\"color:#00000a\"><strong>[6]<\/strong> Desarrollo de productos rejuvenecedores a partir de la pir\u00f3lisis de neum\u00e1ticos fuera de uso para el mejoramiento de las propiedades reol\u00f3gicas y de autorreparaci\u00f3n en cementos asf\u00e1lticos envejecidos. <strong>ANID-FONDEF ID21I10127<em>.<\/em><\/strong>  Inicio: <strong>20<\/strong>21. Fin: <strong>202<\/strong>3. Financiado por <a rel=\"noreferrer noopener\" href=\"https:\/\/www.anid.cl\" target=\"_blank\">ANID-CHILE<\/a><\/p>\n\n\n\n<h4 class=\"has-text-color\" style=\"color:#006437\">INTERNACIONALES<\/h4>\n\n\n\n<p class=\"has-text-color has-normal-font-size\" style=\"color:#000203\"><strong>[1]<\/strong> Advanced materials for catalytic upgrading of biomass-derived syngas: Focus on sustainable energy production. <strong>CONICYT-BMBF 20150029<\/strong>. Inicio: <strong>2016<\/strong>. Fin: <strong>2019<\/strong>. <\/p>\n\n\n\n<p class=\"has-text-color has-normal-font-size\" style=\"color:#000203\"><strong>[2]<\/strong> TermoSust for strengthening the collaboration Chile-Belgium in sustainability and thermochemical valorization of wastes. <strong>CONICYT-PCI REDI170008<\/strong>. Inicio: <strong>2017<\/strong>. Fin: <strong>2019<\/strong>. <\/p>\n\n\n\n<p class=\"has-text-color has-normal-font-size\" style=\"color:#000203\"><strong>[3]<\/strong> ReBiBiR (T) \u201cRed Iberoamericana de Tecnolog\u00edas de Biomasa y Bioenerg\u00eda Rural. CYTED Ciencia y Tecnolog\u00eda para el Desarrollo <strong><em>RED <\/em><\/strong>719RT0587<strong><em>.<\/em><\/strong> Inicio: <strong>2020<\/strong>. Fin: <strong>2023<\/strong>. Visitar Sitio: <a rel=\"noreferrer noopener\" aria-label=\"cyted.org\/es\/rebibir (se abre en una nueva pesta\u00f1a)\" href=\"http:\/\/www.cyted.org\/es\/rebibir\" target=\"_blank\">cyted.org\/es\/rebibir<\/a><\/p>\n\n\n\n<p class=\"has-text-color has-normal-font-size\" style=\"color:#000506\"><strong>[4]<\/strong> Iberoamerican network for cooperation in catalysis (RECOCAT). AUIP Asociaci\u00f3n Universitaria Iberoamericana de Postgrado. <strong><em>RECOCAT .<\/em><\/strong> Inicio: <strong>2019<\/strong>. Fin: <strong>2022<\/strong>. Visitar Sitio: <a rel=\"noreferrer noopener\" aria-label=\"http:\/\/recocat.com (se abre en una nueva pesta\u00f1a)\" href=\"http:\/\/recocat.com\" target=\"_blank\">http:\/\/recocat.com<\/a><\/p>\n","protected":false},"excerpt":{"rendered":"<p>NACIONALES [1] Use of microcellulose-derived carbon aerogels as catalysts for tars and ammonia decomposition. Fondecyt Iniciaci\u00f3n 11150148. Inicio: 2015. Fin: 2018. Financiado por ANID-CHILE [2] Small-scale CHP generation: Catalytic improvement of biomass gasification products. Fondef Idea ID15I10132. Inicio: 2016. Fin: 2018. Financiado por ANID-CHILE [3] Catalytic amination of lignin-derived phenols over supported Palladium and Rhodium: [&hellip;]<\/p>\n","protected":false},"author":1,"featured_media":0,"parent":0,"menu_order":0,"comment_status":"closed","ping_status":"closed","template":"","meta":[],"_links":{"self":[{"href":"http:\/\/lptcicq.ubiobio.cl\/index.php\/wp-json\/wp\/v2\/pages\/81"}],"collection":[{"href":"http:\/\/lptcicq.ubiobio.cl\/index.php\/wp-json\/wp\/v2\/pages"}],"about":[{"href":"http:\/\/lptcicq.ubiobio.cl\/index.php\/wp-json\/wp\/v2\/types\/page"}],"author":[{"embeddable":true,"href":"http:\/\/lptcicq.ubiobio.cl\/index.php\/wp-json\/wp\/v2\/users\/1"}],"replies":[{"embeddable":true,"href":"http:\/\/lptcicq.ubiobio.cl\/index.php\/wp-json\/wp\/v2\/comments?post=81"}],"version-history":[{"count":22,"href":"http:\/\/lptcicq.ubiobio.cl\/index.php\/wp-json\/wp\/v2\/pages\/81\/revisions"}],"predecessor-version":[{"id":635,"href":"http:\/\/lptcicq.ubiobio.cl\/index.php\/wp-json\/wp\/v2\/pages\/81\/revisions\/635"}],"wp:attachment":[{"href":"http:\/\/lptcicq.ubiobio.cl\/index.php\/wp-json\/wp\/v2\/media?parent=81"}],"curies":[{"name":"wp","href":"https:\/\/api.w.org\/{rel}","templated":true}]}}