{"id":85,"date":"2020-07-21T00:32:35","date_gmt":"2020-07-21T00:32:35","guid":{"rendered":"https:\/\/desarrollo.face.ubiobio.cl\/quimica\/?page_id=85"},"modified":"2021-11-26T21:41:17","modified_gmt":"2021-11-26T20:41:17","slug":"laboratorios-y-grupos","status":"publish","type":"page","link":"http:\/\/lptcicq.ubiobio.cl\/index.php\/laboratorios-y-grupos\/","title":{"rendered":"Laboratorios y Grupos Socios"},"content":{"rendered":"\n<blockquote class=\"wp-block-quote\"><p><strong>Divisi\u00f3n de Adsorci\u00f3n y Cat\u00e1lisis <\/strong><\/p><p><em>Sociedad Chilena de Qu\u00edmica<\/em><\/p><cite><a href=\"https:\/\/www.catalisisyadsorcionchile.cl\" target=\"_blank\" rel=\"noreferrer noopener\" aria-label=\"https:\/\/www.catalisisyadsorcionchile.cl (se abre en una nueva pesta\u00f1a)\">https:\/\/www.catalisisyadsorcionchile.cl<\/a><\/cite><\/blockquote>\n\n\n\n<blockquote class=\"wp-block-quote is-style-default\"><p><strong>Laboratorio de Materiales<\/strong><\/p><p><em>Universidad del Bio-Bio<\/em><\/p><cite><a rel=\"noreferrer noopener\" href=\"https:\/\/labmatubb.com\/\" target=\"_blank\">https:\/\/labmatubb.com\/<\/a><\/cite><\/blockquote>\n\n\n\n<blockquote class=\"wp-block-quote\"><p><strong>Laboratorio de Carbono y Cat\u00e1lisis<\/strong><\/p><p>Ingenier\u00eda Qu\u00edmica. Universidad de Concepci\u00f3n. Chile<\/p><cite><a href=\"https:\/\/sites.google.com\/view\/carbocatudec\/home?authuser=0\">https:\/\/sites.google.com\/view\/carbocatudec\/equipamientofacilities?authuser=0<\/a><\/cite><\/blockquote>\n\n\n\n<blockquote class=\"wp-block-quote\"><p><strong>Unidad de Desarrollo Tecnol\u00f3gico<\/strong><\/p><p>Universidad de Concepci\u00f3n. Chile<\/p><cite><a href=\"https:\/\/www.udt.cl\">https:\/\/www.udt.cl<\/a><\/cite><\/blockquote>\n\n\n\n<blockquote class=\"wp-block-quote\"><p><strong>Biomass Termochemical Conversion Group<\/strong><\/p><p>Ghent University. Belgium<\/p><cite><a href=\"https:\/\/www.ugent.be\/bw\/gct\/en\/research\/thermochemical-conversion-of-biomass\">https:\/\/www.ugent.be\/bw\/gct\/en\/research\/thermochemical-conversion-of-biomass<\/a><\/cite><\/blockquote>\n\n\n\n<blockquote class=\"wp-block-quote\"><p><strong>Excellence Group in Thermal Power and Distributed Generation \u2013 NEST<\/strong><\/p><p>Universidad de Itajub\u00e1. Brasil<\/p><cite><a href=\"https:\/\/en.unifei.edu.br\/research-centers-labs\/nucleus-of-excellence-in-thermal-and-distributed-generation-nest\/\">https:\/\/en.unifei.edu.br\/research-centers-labs\/nucleus-of-excellence-in-thermal-and-distributed-generation-nest\/<\/a><\/cite><\/blockquote>\n\n\n\n<blockquote class=\"wp-block-quote\"><p><strong>Laboratorio de Cromatograf\u00eda y Pir\u00f3lisis<\/strong><\/p><p>Universidad del Bio-Bio<\/p><cite><a rel=\"noreferrer noopener\" aria-label=\" (se abre en una nueva pesta\u00f1a)\" href=\"https:\/\/www.gourban.cl\/tours\/laboratorioLCGPA_\/\" target=\"_blank\">https:\/\/www.gourban.cl\/tours\/laboratorioLCGPA_\/<\/a><\/cite><\/blockquote>\n\n\n\n<p><\/p>\n","protected":false},"excerpt":{"rendered":"<p>Divisi\u00f3n de Adsorci\u00f3n y Cat\u00e1lisis Sociedad Chilena de Qu\u00edmica https:\/\/www.catalisisyadsorcionchile.cl Laboratorio de Materiales Universidad del Bio-Bio https:\/\/labmatubb.com\/ Laboratorio de Carbono y Cat\u00e1lisis Ingenier\u00eda Qu\u00edmica. Universidad de Concepci\u00f3n. Chile https:\/\/sites.google.com\/view\/carbocatudec\/equipamientofacilities?authuser=0 Unidad de Desarrollo Tecnol\u00f3gico Universidad de Concepci\u00f3n. Chile https:\/\/www.udt.cl Biomass Termochemical Conversion Group Ghent University. Belgium https:\/\/www.ugent.be\/bw\/gct\/en\/research\/thermochemical-conversion-of-biomass Excellence Group in Thermal Power and Distributed Generation \u2013 [&hellip;]<\/p>\n","protected":false},"author":1,"featured_media":0,"parent":0,"menu_order":0,"comment_status":"closed","ping_status":"closed","template":"","meta":[],"_links":{"self":[{"href":"http:\/\/lptcicq.ubiobio.cl\/index.php\/wp-json\/wp\/v2\/pages\/85"}],"collection":[{"href":"http:\/\/lptcicq.ubiobio.cl\/index.php\/wp-json\/wp\/v2\/pages"}],"about":[{"href":"http:\/\/lptcicq.ubiobio.cl\/index.php\/wp-json\/wp\/v2\/types\/page"}],"author":[{"embeddable":true,"href":"http:\/\/lptcicq.ubiobio.cl\/index.php\/wp-json\/wp\/v2\/users\/1"}],"replies":[{"embeddable":true,"href":"http:\/\/lptcicq.ubiobio.cl\/index.php\/wp-json\/wp\/v2\/comments?post=85"}],"version-history":[{"count":12,"href":"http:\/\/lptcicq.ubiobio.cl\/index.php\/wp-json\/wp\/v2\/pages\/85\/revisions"}],"predecessor-version":[{"id":579,"href":"http:\/\/lptcicq.ubiobio.cl\/index.php\/wp-json\/wp\/v2\/pages\/85\/revisions\/579"}],"wp:attachment":[{"href":"http:\/\/lptcicq.ubiobio.cl\/index.php\/wp-json\/wp\/v2\/media?parent=85"}],"curies":[{"name":"wp","href":"https:\/\/api.w.org\/{rel}","templated":true}]}}